{"id":22735,"date":"2019-07-08T07:21:49","date_gmt":"2019-07-08T04:21:49","guid":{"rendered":"https:\/\/alisons-group.com\/?page_id=22735"},"modified":"2023-02-01T01:10:15","modified_gmt":"2023-01-31T22:10:15","slug":"gizlilik-politikasi","status":"publish","type":"page","link":"https:\/\/alisons-group.com\/tr\/gizlilik-politikasi\/","title":{"rendered":"Gizlilik Politikas\u0131"},"content":{"rendered":"<p>Gizlilik Politikas\u0131 sayfas\u0131<\/p>\n<p>(Alio\u011fullar\u0131) web sitesinde, ki\u015fisel bilgilerinizin gizlili\u011finin sizin ve bizim i\u00e7in \u00f6nemli oldu\u011funu anl\u0131yoruz.<\/p>\n<p>A\u015fa\u011f\u0131da, Ali & Sons ziyareti s\u0131ras\u0131nda ald\u0131\u011f\u0131m\u0131z ve toplad\u0131\u011f\u0131m\u0131z ki\u015fisel bilgi t\u00fcrleri ve ki\u015fisel bilgilerinizi nas\u0131l korudu\u011fumuz hakk\u0131nda bilgi verilmektedir.<\/p>\n<p>log dosyalar\u0131<\/p>\n<p>\u00c7o\u011fu farkl\u0131 web sitesinde oldu\u011fu gibi, g\u00fcnl\u00fck dosyalar\u0131nda veri topluyor ve kullan\u0131yoruz.<\/p>\n<p>G\u00fcnl\u00fck dosyalar\u0131ndaki bilgiler, \u0130nternet Protokol (IP) adresinizi, \u0130nternet servis sa\u011flay\u0131c\u0131n\u0131z\u0131 (ISP), Sitemizi ziyaret etmek i\u00e7in kulland\u0131\u011f\u0131n\u0131z taray\u0131c\u0131y\u0131, ziyaretinizin zaman\u0131n\u0131 ve Sitemizde ziyaret etti\u011finiz sayfalar\u0131 i\u00e7erir.<\/p>\n<p>Kurabiye<\/p>\n<p>Size basit bir sitede m\u00fcmk\u00fcn olan en iyi kullan\u0131c\u0131 deneyimini sunmak i\u00e7in tan\u0131mlama bilgileri kullan\u0131yoruz.\u00c7erezler hakk\u0131nda daha fazla bilgi i\u00e7in \u015fu adresi ziyaret edin: http:\/\/www.allaboutcookies.org\/.<\/p>\n<p>Temel \u00e7erezler<\/p>\n<p>Temel \u00e7erezler, sitede gezinmeniz ve gezinmeniz i\u00e7in gereklidir ve reklam amac\u0131yla kullan\u0131labilecek herhangi bir bilgi saklamaz.Temel \u00e7erezler olmadan sitemiz d\u00fczg\u00fcn \u00e7al\u0131\u015fmayacakt\u0131r.<\/p>\n<p>\u00f6zel \u00e7erezler<\/p>\n<p>Bu tan\u0131mlama bilgileri, ki\u015fisel tercihleriniz gibi bilgileri saklar ve bunlar\u0131 sizin i\u00e7in benzersiz bir deneyimi ki\u015fiselle\u015ftirmek i\u00e7in kullan\u0131r.<\/p>\n<p>Bu, ziyaretinizde yaln\u0131zca bir kez a\u00e7\u0131l\u0131r pencere g\u00f6r\u00fcnt\u00fclemeyi, dil tercihlerinizi kaydetmeyi veya baz\u0131 \u00f6zelliklerimizde otomatik olarak oturum a\u00e7man\u0131z\u0131 sa\u011flamay\u0131 i\u00e7erebilir.<\/p>\n<p>Analiz \u00e7erezleri<\/p>\n<p>Analitik tan\u0131mlama bilgileri, e\u011filimleri g\u00f6rebilmemiz ve web sitesi deneyiminizi iyile\u015ftirebilmemiz i\u00e7in anonim verileri yakalar.<\/p>\n<p>Bunlar, farkl\u0131 tasar\u0131mlar\u0131 test etmemize olanak tan\u0131r ve sitemizin bir b\u00f6l\u00fcm\u00fc \u00e7al\u0131\u015fm\u0131yorsa bir kesintiyi belirlememize yard\u0131mc\u0131 olur.<\/p>\n<p>reklam \u00e7erezleri<\/p>\n<p>Baz\u0131 \u00fc\u00e7\u00fcnc\u00fc taraf reklamc\u0131lar, sitemizde reklam verirken tan\u0131mlama bilgileri veya web i\u015faret\u00e7ileri kullanabilir.<\/p>\n<p>Bu reklamverenlere (Google AdSense program\u0131 arac\u0131l\u0131\u011f\u0131yla Google gibi), IP adresiniz, \u0130nternet servis sa\u011flay\u0131c\u0131n\u0131z, sitemizi ziyaret etmek i\u00e7in kulland\u0131\u011f\u0131n\u0131z taray\u0131c\u0131 ve baz\u0131 durumlarda Flash\u2019\u0131n kurulu olup olmad\u0131\u011f\u0131 hakk\u0131nda bilgi g\u00f6ndereceklerdir.<\/p>\n<p>Google dahil \u00fc\u00e7\u00fcnc\u00fc taraf sa\u011flay\u0131c\u0131lar, kullan\u0131c\u0131n\u0131n web sitemize veya di\u011fer web sitelerine yapt\u0131\u011f\u0131 \u00f6nceki ziyaretlere dayal\u0131 reklamlar sunmak i\u00e7in \u00e7erezleri kullan\u0131r.<br \/>\nGoogle ve ortaklar\u0131, reklam tan\u0131mlama bilgilerini kullanarak, kullan\u0131c\u0131lar\u0131n\u0131za sitemize ve\/veya \u0130nternet\u2019teki di\u011fer sitelere yapt\u0131klar\u0131 ziyaretlere dayal\u0131 olarak reklam g\u00f6sterebilecektir.<br \/>\nKullan\u0131c\u0131lar, Reklam Ayarlar\u0131na giderek ki\u015fiselle\u015ftirilmi\u015f reklamlar\u0131n kullan\u0131m\u0131n\u0131 devre d\u0131\u015f\u0131 b\u0131rakabilir.<\/p>\n<p>\u00dc\u00e7\u00fcnc\u00fc taraf reklamlar\u0131n\u0131n sunulmas\u0131n\u0131 devre d\u0131\u015f\u0131 b\u0131rakmad\u0131ysan\u0131z, di\u011fer \u00fc\u00e7\u00fcnc\u00fc taraf reklam a\u011flar\u0131n\u0131n veya sat\u0131c\u0131lar\u0131n \u00e7erezleri de sitemizde reklam sunmak i\u00e7in kullan\u0131labilir.<\/p>\n<p>Bu genellikle, \u00f6rne\u011fin (M\u0131s\u0131r\u2019daki birine M\u0131s\u0131r\u2019daki SEO reklamlar\u0131n\u0131 g\u00f6stermek) veya ziyaret edilen belirli sitelere dayal\u0131 olarak belirli reklamlar\u0131 g\u00f6stermek (\u00f6rne\u011fin, emlak web sitelerini ziyaret eden birine emlak reklamlar\u0131n\u0131 g\u00f6stermek) gibi co\u011frafi hedefleme ama\u00e7lar\u0131 i\u00e7in kullan\u0131l\u0131r.<\/p>\n<p>Sitemizi kullanmaya devam ederek, \u00e7erezlerin cihaz\u0131n\u0131za yerle\u015ftirilmesini kabul etmi\u015f olursunuz.Taray\u0131c\u0131 ayarlar\u0131n\u0131zda \u00e7erezleri veya \u00fc\u00e7\u00fcnc\u00fc \u015fah\u0131s \u00e7erezlerini se\u00e7erek devre d\u0131\u015f\u0131 b\u0131rakmay\u0131 veya kapatmay\u0131 se\u00e7ebilirsiniz. Ancak bu, di\u011fer web sitelerinin yan\u0131 s\u0131ra sitemizle nas\u0131l etkile\u015fimde bulundu\u011funuzu etkileyebilir.<\/p>\n<p>Herhangi bir sorunuz varsa veya veri kullan\u0131m politikam\u0131zla ilgili bir sorun varsa, l\u00fctfen Bize Ula\u015f\u0131n sayfas\u0131ndan bize ula\u015f\u0131n.<\/p>\n","protected":false},"excerpt":{"rendered":"<p>Gizlilik Politikas\u0131 sayfas\u0131 (Alio\u011fullar\u0131) web sitesinde, ki\u015fisel bilgilerinizin gizlili\u011finin sizin ve bizim i\u00e7in \u00f6nemli oldu\u011funu anl\u0131yoruz. A\u015fa\u011f\u0131da, Ali &#038; Sons ziyareti s\u0131ras\u0131nda ald\u0131\u011f\u0131m\u0131z ve toplad\u0131\u011f\u0131m\u0131z ki\u015fisel bilgi t\u00fcrleri ve ki\u015fisel bilgilerinizi nas\u0131l korudu\u011fumuz hakk\u0131nda bilgi verilmektedir. log dosyalar\u0131 \u00c7o\u011fu farkl\u0131 web sitesinde oldu\u011fu gibi, g\u00fcnl\u00fck dosyalar\u0131nda veri topluyor ve kullan\u0131yoruz. G\u00fcnl\u00fck dosyalar\u0131ndaki bilgiler, \u0130nternet Protokol [&hellip;]<\/p>\n","protected":false},"author":1,"featured_media":0,"parent":0,"menu_order":0,"comment_status":"closed","ping_status":"closed","template":"","meta":{"_acf_changed":false,"nf_dc_page":"","footnotes":""},"class_list":["post-22735","page","type-page","status-publish","hentry"],"acf":[],"yoast_head":"<!-- This site is optimized with the Yoast SEO plugin v25.6 - https:\/\/yoast.com\/wordpress\/plugins\/seo\/ -->\n<title>Gizlilik Politikas\u0131 - Alisons Group<\/title>\n<meta name=\"robots\" content=\"index, follow, max-snippet:-1, max-image-preview:large, max-video-preview:-1\" \/>\n<link rel=\"canonical\" href=\"https:\/\/alisons-group.com\/tr\/gizlilik-politikasi\/\" \/>\n<meta property=\"og:locale\" content=\"tr_TR\" \/>\n<meta property=\"og:type\" content=\"article\" \/>\n<meta property=\"og:title\" content=\"Gizlilik Politikas\u0131 - Alisons Group\" \/>\n<meta property=\"og:description\" content=\"Gizlilik Politikas\u0131 sayfas\u0131 (Alio\u011fullar\u0131) web sitesinde, ki\u015fisel bilgilerinizin gizlili\u011finin sizin ve bizim i\u00e7in \u00f6nemli oldu\u011funu anl\u0131yoruz. A\u015fa\u011f\u0131da, Ali &amp; Sons ziyareti s\u0131ras\u0131nda ald\u0131\u011f\u0131m\u0131z ve toplad\u0131\u011f\u0131m\u0131z ki\u015fisel bilgi t\u00fcrleri ve ki\u015fisel bilgilerinizi nas\u0131l korudu\u011fumuz hakk\u0131nda bilgi verilmektedir. log dosyalar\u0131 \u00c7o\u011fu farkl\u0131 web sitesinde oldu\u011fu gibi, g\u00fcnl\u00fck dosyalar\u0131nda veri topluyor ve kullan\u0131yoruz. G\u00fcnl\u00fck dosyalar\u0131ndaki bilgiler, \u0130nternet Protokol [&hellip;]\" \/>\n<meta property=\"og:url\" content=\"https:\/\/alisons-group.com\/tr\/gizlilik-politikasi\/\" \/>\n<meta property=\"og:site_name\" content=\"Alisons Group\" \/>\n<meta property=\"article:modified_time\" content=\"2023-01-31T22:10:15+00:00\" \/>\n<meta name=\"twitter:card\" content=\"summary_large_image\" \/>\n<meta name=\"twitter:label1\" content=\"Tahmini okuma s\u00fcresi\" \/>\n\t<meta name=\"twitter:data1\" content=\"2 dakika\" \/>\n<script type=\"application\/ld+json\" class=\"yoast-schema-graph\">{\"@context\":\"https:\/\/schema.org\",\"@graph\":[{\"@type\":\"WebPage\",\"@id\":\"https:\/\/alisons-group.com\/tr\/gizlilik-politikasi\/\",\"url\":\"https:\/\/alisons-group.com\/tr\/gizlilik-politikasi\/\",\"name\":\"Gizlilik Politikas\u0131 - Alisons Group\",\"isPartOf\":{\"@id\":\"https:\/\/alisons-group.com\/tr\/#website\"},\"datePublished\":\"2019-07-08T04:21:49+00:00\",\"dateModified\":\"2023-01-31T22:10:15+00:00\",\"breadcrumb\":{\"@id\":\"https:\/\/alisons-group.com\/tr\/gizlilik-politikasi\/#breadcrumb\"},\"inLanguage\":\"tr\",\"potentialAction\":[{\"@type\":\"ReadAction\",\"target\":[\"https:\/\/alisons-group.com\/tr\/gizlilik-politikasi\/\"]}]},{\"@type\":\"BreadcrumbList\",\"@id\":\"https:\/\/alisons-group.com\/tr\/gizlilik-politikasi\/#breadcrumb\",\"itemListElement\":[{\"@type\":\"ListItem\",\"position\":1,\"name\":\"Ana Sayfa\",\"item\":\"https:\/\/alisons-group.com\/tr\/\"},{\"@type\":\"ListItem\",\"position\":2,\"name\":\"Gizlilik Politikas\u0131\"}]},{\"@type\":\"WebSite\",\"@id\":\"https:\/\/alisons-group.com\/tr\/#website\",\"url\":\"https:\/\/alisons-group.com\/tr\/\",\"name\":\"Alisons Group\",\"description\":\"\",\"potentialAction\":[{\"@type\":\"SearchAction\",\"target\":{\"@type\":\"EntryPoint\",\"urlTemplate\":\"https:\/\/alisons-group.com\/tr\/?s={search_term_string}\"},\"query-input\":{\"@type\":\"PropertyValueSpecification\",\"valueRequired\":true,\"valueName\":\"search_term_string\"}}],\"inLanguage\":\"tr\"}]}<\/script>\n<!-- \/ Yoast SEO plugin. -->","yoast_head_json":{"title":"Gizlilik Politikas\u0131 - Alisons Group","robots":{"index":"index","follow":"follow","max-snippet":"max-snippet:-1","max-image-preview":"max-image-preview:large","max-video-preview":"max-video-preview:-1"},"canonical":"https:\/\/alisons-group.com\/tr\/gizlilik-politikasi\/","og_locale":"tr_TR","og_type":"article","og_title":"Gizlilik Politikas\u0131 - Alisons Group","og_description":"Gizlilik Politikas\u0131 sayfas\u0131 (Alio\u011fullar\u0131) web sitesinde, ki\u015fisel bilgilerinizin gizlili\u011finin sizin ve bizim i\u00e7in \u00f6nemli oldu\u011funu anl\u0131yoruz. A\u015fa\u011f\u0131da, Ali & Sons ziyareti s\u0131ras\u0131nda ald\u0131\u011f\u0131m\u0131z ve toplad\u0131\u011f\u0131m\u0131z ki\u015fisel bilgi t\u00fcrleri ve ki\u015fisel bilgilerinizi nas\u0131l korudu\u011fumuz hakk\u0131nda bilgi verilmektedir. log dosyalar\u0131 \u00c7o\u011fu farkl\u0131 web sitesinde oldu\u011fu gibi, g\u00fcnl\u00fck dosyalar\u0131nda veri topluyor ve kullan\u0131yoruz. G\u00fcnl\u00fck dosyalar\u0131ndaki bilgiler, \u0130nternet Protokol [&hellip;]","og_url":"https:\/\/alisons-group.com\/tr\/gizlilik-politikasi\/","og_site_name":"Alisons Group","article_modified_time":"2023-01-31T22:10:15+00:00","twitter_card":"summary_large_image","twitter_misc":{"Tahmini okuma s\u00fcresi":"2 dakika"},"schema":{"@context":"https:\/\/schema.org","@graph":[{"@type":"WebPage","@id":"https:\/\/alisons-group.com\/tr\/gizlilik-politikasi\/","url":"https:\/\/alisons-group.com\/tr\/gizlilik-politikasi\/","name":"Gizlilik Politikas\u0131 - Alisons Group","isPartOf":{"@id":"https:\/\/alisons-group.com\/tr\/#website"},"datePublished":"2019-07-08T04:21:49+00:00","dateModified":"2023-01-31T22:10:15+00:00","breadcrumb":{"@id":"https:\/\/alisons-group.com\/tr\/gizlilik-politikasi\/#breadcrumb"},"inLanguage":"tr","potentialAction":[{"@type":"ReadAction","target":["https:\/\/alisons-group.com\/tr\/gizlilik-politikasi\/"]}]},{"@type":"BreadcrumbList","@id":"https:\/\/alisons-group.com\/tr\/gizlilik-politikasi\/#breadcrumb","itemListElement":[{"@type":"ListItem","position":1,"name":"Ana Sayfa","item":"https:\/\/alisons-group.com\/tr\/"},{"@type":"ListItem","position":2,"name":"Gizlilik Politikas\u0131"}]},{"@type":"WebSite","@id":"https:\/\/alisons-group.com\/tr\/#website","url":"https:\/\/alisons-group.com\/tr\/","name":"Alisons Group","description":"","potentialAction":[{"@type":"SearchAction","target":{"@type":"EntryPoint","urlTemplate":"https:\/\/alisons-group.com\/tr\/?s={search_term_string}"},"query-input":{"@type":"PropertyValueSpecification","valueRequired":true,"valueName":"search_term_string"}}],"inLanguage":"tr"}]}},"jetpack_sharing_enabled":true,"_links":{"self":[{"href":"https:\/\/alisons-group.com\/tr\/wp-json\/wp\/v2\/pages\/22735"}],"collection":[{"href":"https:\/\/alisons-group.com\/tr\/wp-json\/wp\/v2\/pages"}],"about":[{"href":"https:\/\/alisons-group.com\/tr\/wp-json\/wp\/v2\/types\/page"}],"author":[{"embeddable":true,"href":"https:\/\/alisons-group.com\/tr\/wp-json\/wp\/v2\/users\/1"}],"replies":[{"embeddable":true,"href":"https:\/\/alisons-group.com\/tr\/wp-json\/wp\/v2\/comments?post=22735"}],"version-history":[{"count":2,"href":"https:\/\/alisons-group.com\/tr\/wp-json\/wp\/v2\/pages\/22735\/revisions"}],"predecessor-version":[{"id":22745,"href":"https:\/\/alisons-group.com\/tr\/wp-json\/wp\/v2\/pages\/22735\/revisions\/22745"}],"wp:attachment":[{"href":"https:\/\/alisons-group.com\/tr\/wp-json\/wp\/v2\/media?parent=22735"}],"curies":[{"name":"wp","href":"https:\/\/api.w.org\/{rel}","templated":true}]}}