{"id":22705,"date":"2019-07-04T11:19:40","date_gmt":"2019-07-04T08:19:40","guid":{"rendered":"https:\/\/alisons-group.com\/?page_id=22705"},"modified":"2023-02-01T01:00:46","modified_gmt":"2023-01-31T22:00:46","slug":"contact-us","status":"publish","type":"page","link":"https:\/\/alisons-group.com\/tr\/contact-us\/","title":{"rendered":"Bize Ula\u015f\u0131n"},"content":{"rendered":"<div class=\"wpb-content-wrapper\"><p>[vc_section full_width=\u201dstretch_row\u201d css=\u201d.vc_custom_1578572974373{margin-bottom: -80px !important;background-image: url(https:\/\/alisons-group.com\/wp-content\/uploads\/2020\/01\/contact-bg.png?id=20819) !important;background-position: center !important;background-repeat: no-repeat !important;background-size: cover !important;}\u201d][vc_row gap=\u201d30\u2033][vc_column el_align=\u201dcenter\u201d width=\u201d1\/2\u2033 css=\u201d.vc_custom_1578574338780{background-color: #fbfbfb !important;border-radius: 10px !important;}\u201d el_class=\u201drs_col-sm-12\u2033 offset=\u201dvc_col-lg-offset-0 vc_col-lg-6 vc_col-md-offset-2 vc_col-md-8 vc_col-sm-offset-0\u2033]<div id=\"1578571055775-3addb5c9-8c26\" class=\"dt-sc-empty-space\"><\/div><h2 class=\" \" data-delay='0'>\u00dccretsiz Dan\u0131\u015fmanl\u0131k<\/h2>[vc_column_text addstyles=\u201dmax-width:520px; margin: auto;\u201d]<\/p>\n<p style=\"text-align: center;\">Bize \u00fccretsiz dan\u0131\u015farak k\u00e2rl\u0131 ticaret ad\u0131m\u0131na ba\u015flay\u0131n .<\/p>\n<p>[\/vc_column_text]<div id=\"1578571842416-1d9619ae-c479\" class=\"dt-sc-empty-space\"><\/div>\n<div class=\"wpcf7 no-js\" id=\"wpcf7-f22721-o1\" lang=\"ar\" dir=\"rtl\" data-wpcf7-id=\"22721\">\n<div class=\"screen-reader-response\"><p role=\"status\" aria-live=\"polite\" aria-atomic=\"true\"><\/p> <ul><\/ul><\/div>\n<form action=\"\/tr\/wp-json\/wp\/v2\/pages\/22705#wpcf7-f22721-o1\" method=\"post\" class=\"wpcf7-form init contact_form\" aria-label=\"\u0646\u0645\u0648\u0630\u062c \u0627\u0644\u0627\u062a\u0635\u0627\u0644\" novalidate=\"novalidate\" data-status=\"init\">\n<div style=\"display: none;\">\n<input type=\"hidden\" name=\"_wpcf7\" value=\"22721\" \/>\n<input type=\"hidden\" name=\"_wpcf7_version\" value=\"6.0.6\" \/>\n<input type=\"hidden\" name=\"_wpcf7_locale\" value=\"ar\" \/>\n<input type=\"hidden\" name=\"_wpcf7_unit_tag\" value=\"wpcf7-f22721-o1\" \/>\n<input type=\"hidden\" name=\"_wpcf7_container_post\" value=\"0\" \/>\n<input type=\"hidden\" name=\"_wpcf7_posted_data_hash\" value=\"\" \/>\n<\/div>\n<p><span class=\"wpcf7-form-control-wrap\" data-name=\"Name\"><input size=\"40\" maxlength=\"400\" class=\"wpcf7-form-control wpcf7-text wpcf7-validates-as-required\" aria-required=\"true\" aria-invalid=\"false\" placeholder=\"Ad Soyad\" value=\"\" type=\"text\" name=\"Name\" \/><\/span><br \/>\n<span class=\"wpcf7-form-control-wrap\" data-name=\"Email\"><input size=\"40\" maxlength=\"400\" class=\"wpcf7-form-control wpcf7-email wpcf7-validates-as-required wpcf7-text wpcf7-validates-as-email\" aria-required=\"true\" aria-invalid=\"false\" placeholder=\"E-posta\" value=\"\" type=\"email\" name=\"Email\" \/><\/span><br \/>\n<span class=\"wpcf7-form-control-wrap intl_tel-777\"><input class=\"wpcf7-form-control wpcf7-intl_tel wpcf7-validates-as-required wpcf7-intl-tel\" aria-required=\"true\" aria-invalid=\"false\" value=\"\" type=\"tel\" name=\"intl_tel-777-cf7it-national\" \/><input name=\"intl_tel-777\" type=\"hidden\" class=\"wpcf7-intl-tel-full\" \/><input type=\"hidden\" name=\"intl_tel-777-cf7it-country-name\" class=\"wpcf7-intl-tel-country-name\" \/><input type=\"hidden\" name=\"intl_tel-777-cf7it-country-code\" class=\"wpcf7-intl-tel-country-code\" \/><input type=\"hidden\" name=\"intl_tel-777-cf7it-country-iso2\" class=\"wpcf7-intl-tel-country-iso2\" \/><\/span><br \/>\n<span class=\"wpcf7-form-control-wrap\" data-name=\"Subject\"><input size=\"40\" maxlength=\"400\" class=\"wpcf7-form-control wpcf7-text\" aria-invalid=\"false\" placeholder=\"Konu\" value=\"\" type=\"text\" name=\"Subject\" \/><\/span><br \/>\n<span class=\"wpcf7-form-control-wrap\" data-name=\"Message\"><textarea cols=\"40\" rows=\"10\" maxlength=\"2000\" class=\"wpcf7-form-control wpcf7-textarea\" aria-invalid=\"false\" placeholder=\"Mesaj\" name=\"Message\"><\/textarea><\/span><input class=\"wpcf7-form-control wpcf7-submit has-spinner dt-sc-button\" type=\"submit\" value=\"G\u00f6nder\" \/>\n<\/p><div class=\"wpcf7-response-output\" aria-hidden=\"true\"><\/div>\n<\/form>\n<\/div>\n<div id=\"1551337729820-6dd5288a-6948\" class=\"dt-sc-empty-space\"><\/div>[\/vc_column][vc_column el_align=\u201dcenter\u201d width=\u201d1\/2\u2033 el_class=\u201drs_col-sm-12\u2033 offset=\u201dvc_col-lg-offset-0 vc_col-lg-6 vc_col-md-offset-2 vc_col-md-8 vc_col-sm-offset-0\u2033]<div id=\"1578571741565-0debfe39-fa92\" class=\"dt-sc-empty-space\"><\/div><h2 class=\" \" data-delay='0'>Daha fazla bilgi i\u00e7in bize ula\u015f\u0131n:<\/h2>[vc_column_text addstyles=\u201dmax-width:520px; margin: auto;\u201d][\/vc_column_text]<div id=\"1578571956654-0251239c-86e2\" class=\"dt-sc-empty-space\"><\/div>[vc_row_inner][vc_column_inner width=\u201d1\/2\u2033]<div class='dt-sc-contact-info type2  ' data-delay='0'><span class='fa fa-phone'> <\/span><h6>Telefon<\/h6><a href=\"tel:+905555555\">00905421954010<\/a><br><\/div><div id=\"1578573498195-5d8254ff-0dc2\" class=\"dt-sc-empty-space\"><\/div>[\/vc_column_inner][vc_column_inner width=\u201d1\/2\u2033]<div class='dt-sc-contact-info type2  ' data-delay='0'><span class='fa fa-envelope'> <\/span><h6>E-posta<\/h6><a href=\"mailto:info@alisons-group.com\">info@alisons-group.com<\/a><br><\/div><div id=\"1578573500351-8254e24e-c493\" class=\"dt-sc-empty-space\"><\/div>[\/vc_column_inner][\/vc_row_inner][vc_row_inner][vc_column_inner width=\u201d1\/2\u2033]<div class='dt-sc-contact-info type2  ' data-delay='0'><span class='zmdi zmdi-pin zmdi-hc-fw'> <\/span><h6>Adres<\/h6>Atak\u00f6y 7-8-9-10, Nef 22 , B Blok Kat:12 No:235, D-100 G\u00fcney Yanyolu, 34158 Bak\u0131rk\u00f6y\/\u0130stanbul\n<br><\/div><div id=\"1578573503105-3e22c1e1-f7ac\" class=\"dt-sc-empty-space\"><\/div>[\/vc_column_inner][vc_column_inner width=\u201d1\/2\u2033]<div class='dt-sc-contact-info type2  ' data-delay='0'><span class='zmdi zmdi-timer zmdi-hc-fw'> <\/span><h6>\u00c7al\u0131\u015fma saatleri<\/h6>Pzt \u2013 Cumartesi 9 am to 8 pm <br> Pazar\u2013 10 am to 3 pm<\/div><div id=\"1563867877395-ff21296e-6780\" class=\"dt-sc-empty-space\"><\/div>[\/vc_column_inner][\/vc_row_inner][\/vc_column][\/vc_row][vc_row][vc_column]<div id=\"1578572985261-d22e2245-bc4c\" class=\"dt-sc-empty-space\"><\/div>[\/vc_column][\/vc_row][\/vc_section]<\/p>\n<\/div>","protected":false},"excerpt":{"rendered":"<p>[vc_section full_width=\u201dstretch_row\u201d css=\u201d.vc_custom_1578572974373{margin-bottom: -80px !important;background-image: url(https:\/\/alisons-group.com\/wp-content\/uploads\/2020\/01\/contact-bg.png?id=20819) !important;background-position: center !important;background-repeat: no-repeat !important;background-size: cover !important;}\u201d][vc_row gap=\u201d30\u2033][vc_column el_align=\u201dcenter\u201d width=\u201d1\/2\u2033 css=\u201d.vc_custom_1578574338780{background-color: #fbfbfb !important;border-radius: 10px !important;}\u201d el_class=\u201drs_col-sm-12\u2033 offset=\u201dvc_col-lg-offset-0 vc_col-lg-6 vc_col-md-offset-2 vc_col-md-8 vc_col-sm-offset-0\u2033][vc_column_text addstyles=\u201dmax-width:520px; margin: auto;\u201d] Bize \u00fccretsiz dan\u0131\u015farak k\u00e2rl\u0131 ticaret ad\u0131m\u0131na ba\u015flay\u0131n . [\/vc_column_text][\/vc_column][vc_column el_align=\u201dcenter\u201d width=\u201d1\/2\u2033 el_class=\u201drs_col-sm-12\u2033 offset=\u201dvc_col-lg-offset-0 vc_col-lg-6 vc_col-md-offset-2 vc_col-md-8 vc_col-sm-offset-0\u2033][vc_column_text addstyles=\u201dmax-width:520px; margin: auto;\u201d][\/vc_column_text][vc_row_inner][vc_column_inner width=\u201d1\/2\u2033][\/vc_column_inner][vc_column_inner width=\u201d1\/2\u2033][\/vc_column_inner][\/vc_row_inner][vc_row_inner][vc_column_inner width=\u201d1\/2\u2033][\/vc_column_inner][vc_column_inner width=\u201d1\/2\u2033][\/vc_column_inner][\/vc_row_inner][\/vc_column][\/vc_row][vc_row][vc_column][\/vc_column][\/vc_row][\/vc_section]<\/p>\n","protected":false},"author":1,"featured_media":0,"parent":0,"menu_order":0,"comment_status":"closed","ping_status":"closed","template":"","meta":{"_acf_changed":false,"nf_dc_page":"","footnotes":""},"class_list":["post-22705","page","type-page","status-publish","hentry"],"acf":[],"yoast_head":"<!-- This site is optimized with the Yoast SEO plugin v25.6 - https:\/\/yoast.com\/wordpress\/plugins\/seo\/ -->\n<title>Bize Ula\u015f\u0131n - Alisons Group<\/title>\n<meta name=\"robots\" content=\"index, follow, max-snippet:-1, max-image-preview:large, max-video-preview:-1\" \/>\n<link rel=\"canonical\" href=\"https:\/\/alisons-group.com\/tr\/contact-us\/\" \/>\n<meta property=\"og:locale\" content=\"tr_TR\" \/>\n<meta property=\"og:type\" content=\"article\" \/>\n<meta property=\"og:title\" content=\"Bize Ula\u015f\u0131n - Alisons Group\" \/>\n<meta property=\"og:description\" content=\"[vc_section full_width=\u201dstretch_row\u201d css=\u201d.vc_custom_1578572974373{margin-bottom: -80px !important;background-image: url(https:\/\/alisons-group.com\/wp-content\/uploads\/2020\/01\/contact-bg.png?id=20819) !important;background-position: center !important;background-repeat: no-repeat !important;background-size: cover !important;}\u201d][vc_row gap=\u201d30\u2033][vc_column el_align=\u201dcenter\u201d width=\u201d1\/2\u2033 css=\u201d.vc_custom_1578574338780{background-color: #fbfbfb !important;border-radius: 10px !important;}\u201d el_class=\u201drs_col-sm-12\u2033 offset=\u201dvc_col-lg-offset-0 vc_col-lg-6 vc_col-md-offset-2 vc_col-md-8 vc_col-sm-offset-0\u2033][vc_column_text addstyles=\u201dmax-width:520px; margin: auto;\u201d] Bize \u00fccretsiz dan\u0131\u015farak k\u00e2rl\u0131 ticaret ad\u0131m\u0131na ba\u015flay\u0131n . [\/vc_column_text][\/vc_column][vc_column el_align=\u201dcenter\u201d width=\u201d1\/2\u2033 el_class=\u201drs_col-sm-12\u2033 offset=\u201dvc_col-lg-offset-0 vc_col-lg-6 vc_col-md-offset-2 vc_col-md-8 vc_col-sm-offset-0\u2033][vc_column_text addstyles=\u201dmax-width:520px; margin: auto;\u201d][\/vc_column_text][vc_row_inner][vc_column_inner width=\u201d1\/2\u2033][\/vc_column_inner][vc_column_inner width=\u201d1\/2\u2033][\/vc_column_inner][\/vc_row_inner][vc_row_inner][vc_column_inner width=\u201d1\/2\u2033][\/vc_column_inner][vc_column_inner width=\u201d1\/2\u2033][\/vc_column_inner][\/vc_row_inner][\/vc_column][\/vc_row][vc_row][vc_column][\/vc_column][\/vc_row][\/vc_section]\" \/>\n<meta property=\"og:url\" content=\"https:\/\/alisons-group.com\/tr\/contact-us\/\" \/>\n<meta property=\"og:site_name\" content=\"Alisons Group\" \/>\n<meta property=\"article:modified_time\" content=\"2023-01-31T22:00:46+00:00\" \/>\n<meta name=\"twitter:card\" content=\"summary_large_image\" \/>\n<meta name=\"twitter:label1\" content=\"Tahmini okuma s\u00fcresi\" \/>\n\t<meta name=\"twitter:data1\" content=\"1 dakika\" \/>\n<script type=\"application\/ld+json\" class=\"yoast-schema-graph\">{\"@context\":\"https:\/\/schema.org\",\"@graph\":[{\"@type\":\"WebPage\",\"@id\":\"https:\/\/alisons-group.com\/tr\/contact-us\/\",\"url\":\"https:\/\/alisons-group.com\/tr\/contact-us\/\",\"name\":\"Bize Ula\u015f\u0131n - Alisons Group\",\"isPartOf\":{\"@id\":\"https:\/\/alisons-group.com\/tr\/#website\"},\"datePublished\":\"2019-07-04T08:19:40+00:00\",\"dateModified\":\"2023-01-31T22:00:46+00:00\",\"breadcrumb\":{\"@id\":\"https:\/\/alisons-group.com\/tr\/contact-us\/#breadcrumb\"},\"inLanguage\":\"tr\",\"potentialAction\":[{\"@type\":\"ReadAction\",\"target\":[\"https:\/\/alisons-group.com\/tr\/contact-us\/\"]}]},{\"@type\":\"BreadcrumbList\",\"@id\":\"https:\/\/alisons-group.com\/tr\/contact-us\/#breadcrumb\",\"itemListElement\":[{\"@type\":\"ListItem\",\"position\":1,\"name\":\"Ana Sayfa\",\"item\":\"https:\/\/alisons-group.com\/tr\/\"},{\"@type\":\"ListItem\",\"position\":2,\"name\":\"Bize Ula\u015f\u0131n\"}]},{\"@type\":\"WebSite\",\"@id\":\"https:\/\/alisons-group.com\/tr\/#website\",\"url\":\"https:\/\/alisons-group.com\/tr\/\",\"name\":\"Alisons Group\",\"description\":\"\",\"potentialAction\":[{\"@type\":\"SearchAction\",\"target\":{\"@type\":\"EntryPoint\",\"urlTemplate\":\"https:\/\/alisons-group.com\/tr\/?s={search_term_string}\"},\"query-input\":{\"@type\":\"PropertyValueSpecification\",\"valueRequired\":true,\"valueName\":\"search_term_string\"}}],\"inLanguage\":\"tr\"}]}<\/script>\n<!-- \/ Yoast SEO plugin. -->","yoast_head_json":{"title":"Bize Ula\u015f\u0131n - Alisons Group","robots":{"index":"index","follow":"follow","max-snippet":"max-snippet:-1","max-image-preview":"max-image-preview:large","max-video-preview":"max-video-preview:-1"},"canonical":"https:\/\/alisons-group.com\/tr\/contact-us\/","og_locale":"tr_TR","og_type":"article","og_title":"Bize Ula\u015f\u0131n - Alisons Group","og_description":"[vc_section full_width=\u201dstretch_row\u201d css=\u201d.vc_custom_1578572974373{margin-bottom: -80px !important;background-image: url(https:\/\/alisons-group.com\/wp-content\/uploads\/2020\/01\/contact-bg.png?id=20819) !important;background-position: center !important;background-repeat: no-repeat !important;background-size: cover !important;}\u201d][vc_row gap=\u201d30\u2033][vc_column el_align=\u201dcenter\u201d width=\u201d1\/2\u2033 css=\u201d.vc_custom_1578574338780{background-color: #fbfbfb !important;border-radius: 10px !important;}\u201d el_class=\u201drs_col-sm-12\u2033 offset=\u201dvc_col-lg-offset-0 vc_col-lg-6 vc_col-md-offset-2 vc_col-md-8 vc_col-sm-offset-0\u2033][vc_column_text addstyles=\u201dmax-width:520px; margin: auto;\u201d] Bize \u00fccretsiz dan\u0131\u015farak k\u00e2rl\u0131 ticaret ad\u0131m\u0131na ba\u015flay\u0131n . [\/vc_column_text][\/vc_column][vc_column el_align=\u201dcenter\u201d width=\u201d1\/2\u2033 el_class=\u201drs_col-sm-12\u2033 offset=\u201dvc_col-lg-offset-0 vc_col-lg-6 vc_col-md-offset-2 vc_col-md-8 vc_col-sm-offset-0\u2033][vc_column_text addstyles=\u201dmax-width:520px; margin: auto;\u201d][\/vc_column_text][vc_row_inner][vc_column_inner width=\u201d1\/2\u2033][\/vc_column_inner][vc_column_inner width=\u201d1\/2\u2033][\/vc_column_inner][\/vc_row_inner][vc_row_inner][vc_column_inner width=\u201d1\/2\u2033][\/vc_column_inner][vc_column_inner width=\u201d1\/2\u2033][\/vc_column_inner][\/vc_row_inner][\/vc_column][\/vc_row][vc_row][vc_column][\/vc_column][\/vc_row][\/vc_section]","og_url":"https:\/\/alisons-group.com\/tr\/contact-us\/","og_site_name":"Alisons Group","article_modified_time":"2023-01-31T22:00:46+00:00","twitter_card":"summary_large_image","twitter_misc":{"Tahmini okuma s\u00fcresi":"1 dakika"},"schema":{"@context":"https:\/\/schema.org","@graph":[{"@type":"WebPage","@id":"https:\/\/alisons-group.com\/tr\/contact-us\/","url":"https:\/\/alisons-group.com\/tr\/contact-us\/","name":"Bize Ula\u015f\u0131n - Alisons Group","isPartOf":{"@id":"https:\/\/alisons-group.com\/tr\/#website"},"datePublished":"2019-07-04T08:19:40+00:00","dateModified":"2023-01-31T22:00:46+00:00","breadcrumb":{"@id":"https:\/\/alisons-group.com\/tr\/contact-us\/#breadcrumb"},"inLanguage":"tr","potentialAction":[{"@type":"ReadAction","target":["https:\/\/alisons-group.com\/tr\/contact-us\/"]}]},{"@type":"BreadcrumbList","@id":"https:\/\/alisons-group.com\/tr\/contact-us\/#breadcrumb","itemListElement":[{"@type":"ListItem","position":1,"name":"Ana Sayfa","item":"https:\/\/alisons-group.com\/tr\/"},{"@type":"ListItem","position":2,"name":"Bize Ula\u015f\u0131n"}]},{"@type":"WebSite","@id":"https:\/\/alisons-group.com\/tr\/#website","url":"https:\/\/alisons-group.com\/tr\/","name":"Alisons Group","description":"","potentialAction":[{"@type":"SearchAction","target":{"@type":"EntryPoint","urlTemplate":"https:\/\/alisons-group.com\/tr\/?s={search_term_string}"},"query-input":{"@type":"PropertyValueSpecification","valueRequired":true,"valueName":"search_term_string"}}],"inLanguage":"tr"}]}},"jetpack_sharing_enabled":true,"_links":{"self":[{"href":"https:\/\/alisons-group.com\/tr\/wp-json\/wp\/v2\/pages\/22705"}],"collection":[{"href":"https:\/\/alisons-group.com\/tr\/wp-json\/wp\/v2\/pages"}],"about":[{"href":"https:\/\/alisons-group.com\/tr\/wp-json\/wp\/v2\/types\/page"}],"author":[{"embeddable":true,"href":"https:\/\/alisons-group.com\/tr\/wp-json\/wp\/v2\/users\/1"}],"replies":[{"embeddable":true,"href":"https:\/\/alisons-group.com\/tr\/wp-json\/wp\/v2\/comments?post=22705"}],"version-history":[{"count":4,"href":"https:\/\/alisons-group.com\/tr\/wp-json\/wp\/v2\/pages\/22705\/revisions"}],"predecessor-version":[{"id":22723,"href":"https:\/\/alisons-group.com\/tr\/wp-json\/wp\/v2\/pages\/22705\/revisions\/22723"}],"wp:attachment":[{"href":"https:\/\/alisons-group.com\/tr\/wp-json\/wp\/v2\/media?parent=22705"}],"curies":[{"name":"wp","href":"https:\/\/api.w.org\/{rel}","templated":true}]}}