{"id":22703,"date":"2022-07-05T18:40:08","date_gmt":"2022-07-05T15:40:08","guid":{"rendered":"https:\/\/alisons-group.com\/?page_id=22703"},"modified":"2023-02-01T00:50:42","modified_gmt":"2023-01-31T21:50:42","slug":"our-services","status":"publish","type":"page","link":"https:\/\/alisons-group.com\/tr\/our-services\/","title":{"rendered":"Hizmetlerimiz"},"content":{"rendered":"<div class=\"wpb-content-wrapper\"><p>[vc_row][vc_column el_align=\u201dcenter\u201d]<h2 class=\"h2-ali \" data-delay='0'>Hizmetler<\/h2>[vc_column_text addstyles=\u201dmax-width:520px; margin: auto;\u201d]<\/p>\n<p style=\"text-align: center;\">Uzmanlar\u0131m\u0131z, m\u00fc\u015fterilerimize en iyi \u015fekilde hizmet vermek ve isteklerini kar\u015f\u0131lamak amac\u0131yla a\u015fa\u011f\u0131daki alanlarda \u00e7al\u0131\u015fmaktad\u0131r<\/p>\n<p>[\/vc_column_text]<div id=\"1579670416790-5a9dae56-b5f6\" class=\"dt-sc-empty-space\"><\/div>[vc_row_inner][vc_column_inner width=\u201d1\/3\u2033]<div class='dt-sc-icon-box type10  ' data-delay='0' ><div class=\"icon-wrapper\"><span class='fas fa-plane-arrival'> <\/span><\/div><div class=\"icon-content\"><h4><a href='#' title='' target='_self'>\u0130THALAT<\/a><\/h4><p><\/p><\/div><\/div>[\/vc_column_inner][vc_column_inner width=\u201d1\/3\u2033]<div class='dt-sc-icon-box type10  ' data-delay='0' ><div class=\"icon-wrapper\"><span class='fas fa-plane-departure'> <\/span><\/div><div class=\"icon-content\"><h4><a href='#' title='' target='_self'>\u0130HRACAT<\/a><\/h4><p><\/p><\/div><\/div>[\/vc_column_inner][vc_column_inner width=\u201d1\/3\u2033]<div class='dt-sc-icon-box type10  ' data-delay='0' ><div class=\"icon-wrapper\"><span class='fas fa-handshake'> <\/span><\/div><div class=\"icon-content\"><h4><a href='#' title='' target='_self'>ARACILIK<\/a><\/h4><p><\/p><\/div><\/div>[\/vc_column_inner][\/vc_row_inner]<div id=\"1562822643689-63f67c27-60bf\" class=\"dt-sc-empty-space\"><\/div>[\/vc_column][\/vc_row][vc_row full_width=\u201dstretch_row\u201d equal_height=\u201dyes\u201d content_placement=\u201dmiddle\u201d bg_type=\u201dimage\u201d parallax_style=\u201dvcpb-default\u201d bg_image_new=\u201did^21676|url^https:\/\/alisons-group.com\/wp-content\/uploads\/2022\/07\/cover-cu3-1.jpg|caption^null|alt^null|title^cover-cu3|description^null\u201d bg_image_repeat=\u201dno-repeat\u201d enable_overlay=\u201denable_overlay_value\u201d overlay_color=\u201drgba(69,111,174,0.6)\u201d overlay_pattern=\u201d02.png\u201d overlay_pattern_opacity=\u201d45\u2033 overlay_pattern_size=\u201d3\u2033 el_class=\u201ddt-sc-dark-bg bg-al\u201d css=\u201d.vc_custom_1657031097108{background-image: url(https:\/\/alisons-group.com\/wp-content\/uploads\/2022\/07\/cover-cu3-1.jpg?id=21676) !important;}\u201d text_color=\u201d#ffffff\u201d][vc_column]<div id=\"1562758564035-653e86b3-0c3e\" class=\"dt-sc-empty-space\"><\/div>[vc_row_inner equal_height=\u201dyes\u201d content_placement=\u201dmiddle\u201d][vc_column_inner el_align=\u201dleft\u201d el_class=\u201drs_col-sm-12\u2033 width=\u201d3\/4\u2033 offset=\u201dvc_col-lg-9 vc_col-md-9\u2033]<h2 class=\"dt-skin-secondary-color pri fs-25 \" data-delay='0'>Bize \u00fccretsiz dan\u0131\u015farak k\u00e2rl\u0131 ticaret ad\u0131m\u0131na <strong>ba\u015flay\u0131n<\/strong> .<\/h2>[vc_column_text css=\u201d.vc_custom_1675201740674{margin-bottom: 0px !important;}\u201d]Yat\u0131r\u0131m ba\u015far\u0131s\u0131n\u0131 katlamak isteyen tacir ve i\u015fadamlar\u0131n\u0131n ilk ve en iyi adresi<\/p>\n<p>[\/vc_column_text][\/vc_column_inner][vc_column_inner el_class=\u201drs_col-sm-12\u2033 width=\u201d1\/4\u2033 offset=\u201dvc_col-lg-3 vc_col-md-3\u2033]<a href='https:\/\/wordpress-1298251-4720179.cloudwaysapps.com\/tr\/contact\/' target='_self' title='Contact Us' class='dt-sc-button   large   filled rounded-corner  alignright white' data-delay='0' > Bize Ula\u015f\u0131n  <\/a>[\/vc_column_inner][\/vc_row_inner]<div id=\"1562764728877-f0ba8b44-efd8\" class=\"dt-sc-empty-space\"><\/div>[\/vc_column][\/vc_row]<\/p>\n<\/div>","protected":false},"excerpt":{"rendered":"<p>[vc_row][vc_column el_align=\u201dcenter\u201d][vc_column_text addstyles=\u201dmax-width:520px; margin: auto;\u201d] Uzmanlar\u0131m\u0131z, m\u00fc\u015fterilerimize en iyi \u015fekilde hizmet vermek ve isteklerini kar\u015f\u0131lamak amac\u0131yla a\u015fa\u011f\u0131daki alanlarda \u00e7al\u0131\u015fmaktad\u0131r [\/vc_column_text][vc_row_inner][vc_column_inner width=\u201d1\/3\u2033][\/vc_column_inner][vc_column_inner width=\u201d1\/3\u2033][\/vc_column_inner][vc_column_inner width=\u201d1\/3\u2033][\/vc_column_inner][\/vc_row_inner][\/vc_column][\/vc_row][vc_row full_width=\u201dstretch_row\u201d equal_height=\u201dyes\u201d content_placement=\u201dmiddle\u201d bg_type=\u201dimage\u201d parallax_style=\u201dvcpb-default\u201d bg_image_new=\u201did^21676|url^https:\/\/alisons-group.com\/wp-content\/uploads\/2022\/07\/cover-cu3-1.jpg|caption^null|alt^null|title^cover-cu3|description^null\u201d bg_image_repeat=\u201dno-repeat\u201d enable_overlay=\u201denable_overlay_value\u201d overlay_color=\u201drgba(69,111,174,0.6)\u201d overlay_pattern=\u201d02.png\u201d overlay_pattern_opacity=\u201d45\u2033 overlay_pattern_size=\u201d3\u2033 el_class=\u201ddt-sc-dark-bg bg-al\u201d css=\u201d.vc_custom_1657031097108{background-image: url(https:\/\/alisons-group.com\/wp-content\/uploads\/2022\/07\/cover-cu3-1.jpg?id=21676) !important;}\u201d text_color=\u201d#ffffff\u201d][vc_column][vc_row_inner equal_height=\u201dyes\u201d content_placement=\u201dmiddle\u201d][vc_column_inner el_align=\u201dleft\u201d el_class=\u201drs_col-sm-12\u2033 width=\u201d3\/4\u2033 offset=\u201dvc_col-lg-9 vc_col-md-9\u2033][vc_column_text css=\u201d.vc_custom_1675201740674{margin-bottom: 0px !important;}\u201d]Yat\u0131r\u0131m ba\u015far\u0131s\u0131n\u0131 katlamak isteyen tacir [&hellip;]<\/p>\n","protected":false},"author":1,"featured_media":0,"parent":0,"menu_order":0,"comment_status":"closed","ping_status":"closed","template":"","meta":{"_acf_changed":false,"nf_dc_page":"","footnotes":""},"class_list":["post-22703","page","type-page","status-publish","hentry"],"acf":[],"yoast_head":"<!-- This site is optimized with the Yoast SEO plugin v25.6 - https:\/\/yoast.com\/wordpress\/plugins\/seo\/ -->\n<title>Hizmetlerimiz - Alisons Group<\/title>\n<meta name=\"robots\" content=\"index, follow, max-snippet:-1, max-image-preview:large, max-video-preview:-1\" \/>\n<link rel=\"canonical\" href=\"https:\/\/alisons-group.com\/tr\/our-services\/\" \/>\n<meta property=\"og:locale\" content=\"tr_TR\" \/>\n<meta property=\"og:type\" content=\"article\" \/>\n<meta property=\"og:title\" content=\"Hizmetlerimiz - Alisons Group\" \/>\n<meta property=\"og:description\" content=\"[vc_row][vc_column el_align=\u201dcenter\u201d][vc_column_text addstyles=\u201dmax-width:520px; margin: auto;\u201d] Uzmanlar\u0131m\u0131z, m\u00fc\u015fterilerimize en iyi \u015fekilde hizmet vermek ve isteklerini kar\u015f\u0131lamak amac\u0131yla a\u015fa\u011f\u0131daki alanlarda \u00e7al\u0131\u015fmaktad\u0131r [\/vc_column_text][vc_row_inner][vc_column_inner width=\u201d1\/3\u2033][\/vc_column_inner][vc_column_inner width=\u201d1\/3\u2033][\/vc_column_inner][vc_column_inner width=\u201d1\/3\u2033][\/vc_column_inner][\/vc_row_inner][\/vc_column][\/vc_row][vc_row full_width=\u201dstretch_row\u201d equal_height=\u201dyes\u201d content_placement=\u201dmiddle\u201d bg_type=\u201dimage\u201d parallax_style=\u201dvcpb-default\u201d bg_image_new=\u201did^21676|url^https:\/\/alisons-group.com\/wp-content\/uploads\/2022\/07\/cover-cu3-1.jpg|caption^null|alt^null|title^cover-cu3|description^null\u201d bg_image_repeat=\u201dno-repeat\u201d enable_overlay=\u201denable_overlay_value\u201d overlay_color=\u201drgba(69,111,174,0.6)\u201d overlay_pattern=\u201d02.png\u201d overlay_pattern_opacity=\u201d45\u2033 overlay_pattern_size=\u201d3\u2033 el_class=\u201ddt-sc-dark-bg bg-al\u201d css=\u201d.vc_custom_1657031097108{background-image: url(https:\/\/alisons-group.com\/wp-content\/uploads\/2022\/07\/cover-cu3-1.jpg?id=21676) !important;}\u201d text_color=\u201d#ffffff\u201d][vc_column][vc_row_inner equal_height=\u201dyes\u201d content_placement=\u201dmiddle\u201d][vc_column_inner el_align=\u201dleft\u201d el_class=\u201drs_col-sm-12\u2033 width=\u201d3\/4\u2033 offset=\u201dvc_col-lg-9 vc_col-md-9\u2033][vc_column_text css=\u201d.vc_custom_1675201740674{margin-bottom: 0px !important;}\u201d]Yat\u0131r\u0131m ba\u015far\u0131s\u0131n\u0131 katlamak isteyen tacir [&hellip;]\" \/>\n<meta property=\"og:url\" content=\"https:\/\/alisons-group.com\/tr\/our-services\/\" \/>\n<meta property=\"og:site_name\" content=\"Alisons Group\" \/>\n<meta property=\"article:modified_time\" content=\"2023-01-31T21:50:42+00:00\" \/>\n<meta name=\"twitter:card\" content=\"summary_large_image\" \/>\n<meta name=\"twitter:label1\" content=\"Tahmini okuma s\u00fcresi\" \/>\n\t<meta name=\"twitter:data1\" content=\"1 dakika\" \/>\n<script type=\"application\/ld+json\" class=\"yoast-schema-graph\">{\"@context\":\"https:\/\/schema.org\",\"@graph\":[{\"@type\":\"WebPage\",\"@id\":\"https:\/\/alisons-group.com\/tr\/our-services\/\",\"url\":\"https:\/\/alisons-group.com\/tr\/our-services\/\",\"name\":\"Hizmetlerimiz - Alisons Group\",\"isPartOf\":{\"@id\":\"https:\/\/alisons-group.com\/tr\/#website\"},\"datePublished\":\"2022-07-05T15:40:08+00:00\",\"dateModified\":\"2023-01-31T21:50:42+00:00\",\"breadcrumb\":{\"@id\":\"https:\/\/alisons-group.com\/tr\/our-services\/#breadcrumb\"},\"inLanguage\":\"tr\",\"potentialAction\":[{\"@type\":\"ReadAction\",\"target\":[\"https:\/\/alisons-group.com\/tr\/our-services\/\"]}]},{\"@type\":\"BreadcrumbList\",\"@id\":\"https:\/\/alisons-group.com\/tr\/our-services\/#breadcrumb\",\"itemListElement\":[{\"@type\":\"ListItem\",\"position\":1,\"name\":\"Ana Sayfa\",\"item\":\"https:\/\/alisons-group.com\/tr\/\"},{\"@type\":\"ListItem\",\"position\":2,\"name\":\"Hizmetlerimiz\"}]},{\"@type\":\"WebSite\",\"@id\":\"https:\/\/alisons-group.com\/tr\/#website\",\"url\":\"https:\/\/alisons-group.com\/tr\/\",\"name\":\"Alisons Group\",\"description\":\"\",\"potentialAction\":[{\"@type\":\"SearchAction\",\"target\":{\"@type\":\"EntryPoint\",\"urlTemplate\":\"https:\/\/alisons-group.com\/tr\/?s={search_term_string}\"},\"query-input\":{\"@type\":\"PropertyValueSpecification\",\"valueRequired\":true,\"valueName\":\"search_term_string\"}}],\"inLanguage\":\"tr\"}]}<\/script>\n<!-- \/ Yoast SEO plugin. -->","yoast_head_json":{"title":"Hizmetlerimiz - Alisons Group","robots":{"index":"index","follow":"follow","max-snippet":"max-snippet:-1","max-image-preview":"max-image-preview:large","max-video-preview":"max-video-preview:-1"},"canonical":"https:\/\/alisons-group.com\/tr\/our-services\/","og_locale":"tr_TR","og_type":"article","og_title":"Hizmetlerimiz - Alisons Group","og_description":"[vc_row][vc_column el_align=\u201dcenter\u201d][vc_column_text addstyles=\u201dmax-width:520px; margin: auto;\u201d] Uzmanlar\u0131m\u0131z, m\u00fc\u015fterilerimize en iyi \u015fekilde hizmet vermek ve isteklerini kar\u015f\u0131lamak amac\u0131yla a\u015fa\u011f\u0131daki alanlarda \u00e7al\u0131\u015fmaktad\u0131r [\/vc_column_text][vc_row_inner][vc_column_inner width=\u201d1\/3\u2033][\/vc_column_inner][vc_column_inner width=\u201d1\/3\u2033][\/vc_column_inner][vc_column_inner width=\u201d1\/3\u2033][\/vc_column_inner][\/vc_row_inner][\/vc_column][\/vc_row][vc_row full_width=\u201dstretch_row\u201d equal_height=\u201dyes\u201d content_placement=\u201dmiddle\u201d bg_type=\u201dimage\u201d parallax_style=\u201dvcpb-default\u201d bg_image_new=\u201did^21676|url^https:\/\/alisons-group.com\/wp-content\/uploads\/2022\/07\/cover-cu3-1.jpg|caption^null|alt^null|title^cover-cu3|description^null\u201d bg_image_repeat=\u201dno-repeat\u201d enable_overlay=\u201denable_overlay_value\u201d overlay_color=\u201drgba(69,111,174,0.6)\u201d overlay_pattern=\u201d02.png\u201d overlay_pattern_opacity=\u201d45\u2033 overlay_pattern_size=\u201d3\u2033 el_class=\u201ddt-sc-dark-bg bg-al\u201d css=\u201d.vc_custom_1657031097108{background-image: url(https:\/\/alisons-group.com\/wp-content\/uploads\/2022\/07\/cover-cu3-1.jpg?id=21676) !important;}\u201d text_color=\u201d#ffffff\u201d][vc_column][vc_row_inner equal_height=\u201dyes\u201d content_placement=\u201dmiddle\u201d][vc_column_inner el_align=\u201dleft\u201d el_class=\u201drs_col-sm-12\u2033 width=\u201d3\/4\u2033 offset=\u201dvc_col-lg-9 vc_col-md-9\u2033][vc_column_text css=\u201d.vc_custom_1675201740674{margin-bottom: 0px !important;}\u201d]Yat\u0131r\u0131m ba\u015far\u0131s\u0131n\u0131 katlamak isteyen tacir [&hellip;]","og_url":"https:\/\/alisons-group.com\/tr\/our-services\/","og_site_name":"Alisons Group","article_modified_time":"2023-01-31T21:50:42+00:00","twitter_card":"summary_large_image","twitter_misc":{"Tahmini okuma s\u00fcresi":"1 dakika"},"schema":{"@context":"https:\/\/schema.org","@graph":[{"@type":"WebPage","@id":"https:\/\/alisons-group.com\/tr\/our-services\/","url":"https:\/\/alisons-group.com\/tr\/our-services\/","name":"Hizmetlerimiz - Alisons Group","isPartOf":{"@id":"https:\/\/alisons-group.com\/tr\/#website"},"datePublished":"2022-07-05T15:40:08+00:00","dateModified":"2023-01-31T21:50:42+00:00","breadcrumb":{"@id":"https:\/\/alisons-group.com\/tr\/our-services\/#breadcrumb"},"inLanguage":"tr","potentialAction":[{"@type":"ReadAction","target":["https:\/\/alisons-group.com\/tr\/our-services\/"]}]},{"@type":"BreadcrumbList","@id":"https:\/\/alisons-group.com\/tr\/our-services\/#breadcrumb","itemListElement":[{"@type":"ListItem","position":1,"name":"Ana Sayfa","item":"https:\/\/alisons-group.com\/tr\/"},{"@type":"ListItem","position":2,"name":"Hizmetlerimiz"}]},{"@type":"WebSite","@id":"https:\/\/alisons-group.com\/tr\/#website","url":"https:\/\/alisons-group.com\/tr\/","name":"Alisons Group","description":"","potentialAction":[{"@type":"SearchAction","target":{"@type":"EntryPoint","urlTemplate":"https:\/\/alisons-group.com\/tr\/?s={search_term_string}"},"query-input":{"@type":"PropertyValueSpecification","valueRequired":true,"valueName":"search_term_string"}}],"inLanguage":"tr"}]}},"jetpack_sharing_enabled":true,"_links":{"self":[{"href":"https:\/\/alisons-group.com\/tr\/wp-json\/wp\/v2\/pages\/22703"}],"collection":[{"href":"https:\/\/alisons-group.com\/tr\/wp-json\/wp\/v2\/pages"}],"about":[{"href":"https:\/\/alisons-group.com\/tr\/wp-json\/wp\/v2\/types\/page"}],"author":[{"embeddable":true,"href":"https:\/\/alisons-group.com\/tr\/wp-json\/wp\/v2\/users\/1"}],"replies":[{"embeddable":true,"href":"https:\/\/alisons-group.com\/tr\/wp-json\/wp\/v2\/comments?post=22703"}],"version-history":[{"count":4,"href":"https:\/\/alisons-group.com\/tr\/wp-json\/wp\/v2\/pages\/22703\/revisions"}],"predecessor-version":[{"id":22715,"href":"https:\/\/alisons-group.com\/tr\/wp-json\/wp\/v2\/pages\/22703\/revisions\/22715"}],"wp:attachment":[{"href":"https:\/\/alisons-group.com\/tr\/wp-json\/wp\/v2\/media?parent=22703"}],"curies":[{"name":"wp","href":"https:\/\/api.w.org\/{rel}","templated":true}]}}