{"id":22702,"date":"2019-07-04T11:19:31","date_gmt":"2019-07-04T08:19:31","guid":{"rendered":"https:\/\/alisons-group.com\/?page_id=22702"},"modified":"2023-02-01T00:55:22","modified_gmt":"2023-01-31T21:55:22","slug":"about-us","status":"publish","type":"page","link":"https:\/\/alisons-group.com\/tr\/about-us\/","title":{"rendered":"Hakk\u0131m\u0131zda"},"content":{"rendered":"<div class=\"wpb-content-wrapper\"><p>[vc_row gap=\u201d35\u2033 equal_height=\u201dyes\u201d content_placement=\u201dmiddle\u201d][vc_column el_align=\u201dright\u201d width=\u201d1\/2\u2033 el_class=\u201drs_col-sm-12\u2033]<div class='dt-sc-title dt-sc-ribbon-title  ali-title' data-delay='0'><h2 class='dt-sc-main-heading'><span>Aliog\u0306ullar\u0131<\/span><\/h2><\/div><div id=\"1579600257407-a2552c81-16b8\" class=\"dt-sc-empty-space\"><\/div>[vc_column_text]<\/p>\n<p style=\"text-align: left;\">Alio\u011fullar\u0131 Grup, T\u00fcrkiye ile d\u00fcnya \u00fclkeleri aras\u0131ndaki ticaret al\u0131\u015fveri\u015fi alan\u0131nda dan\u0131\u015fmanl\u0131k sa\u011flaman\u0131n yan\u0131 s\u0131ra, T\u00fcrkiye\u2019ye ve T\u00fcrkiye\u2019den \u00e7e\u015fitli malzeme ve mal ithalat ve ihracat hizmetlerinde uzun y\u0131llara dayanan deneyime sahip b\u00fcy\u00fck \u00f6l\u00e7ekli bir \u015firkettir.<\/p>\n<p style=\"text-align: left;\">Alio\u011fullar\u0131 Grup, uluslararas\u0131 ticaret alan\u0131nda ba\u015far\u0131n\u0131n s\u0131n\u0131r\u0131 olmad\u0131\u011f\u0131na inanan, ithalat ve ihracat sekt\u00f6rlerinde T\u00fcrk ve yabanc\u0131 m\u00fc\u015fterilere, dan\u0131\u015fmanl\u0131k hizmetleri konusunda b\u00fcy\u00fck beceriye sahip, y\u00fcksek nitelikli ve \u015feffaf bir ekip taraf\u0131ndan y\u00f6netilen bir gruptur.<\/p>\n<p style=\"text-align: left;\">Alio\u011fullar\u0131 Grup, T\u00fcrkiye\u2019deki \u00e7e\u015fitli yerel pazarlarla m\u00fckemmel i\u015f ili\u015fkilerine ve ileti\u015fim kanallar\u0131na sahiptir ve ayr\u0131ca d\u00fcnya \u00e7ap\u0131nda onlarca \u00fclkeye da\u011f\u0131lm\u0131\u015f \u00e7e\u015fitli \u015fubelerde temsilciliklerine sahiptir.<\/p>\n<p>[\/vc_column_text]<div id=\"1657022758629-37f10b05-ba8a\" class=\"dt-sc-empty-space\"><\/div>[\/vc_column][vc_column width=\u201d1\/2\u2033 el_class=\u201drs_col-sm-12\u2033][vc_single_image image=\u201d22077\u2033 img_size=\u201dfull\u201d alignment=\u201dcenter\u201d css=\u201d.vc_custom_1657022454674{margin-bottom: 0px !important;}\u201d][\/vc_column][\/vc_row][vc_row gap=\u201d35\u2033 equal_height=\u201dyes\u201d content_placement=\u201dmiddle\u201d][vc_column el_class=\u201drs_col-sm-12\u2033][vc_column_text]<\/p>\n<p style=\"text-align: left;\">Alio\u011fullar\u0131 Grup, uzmanlar\u0131 da global piyasalar\u0131n hareketlerini ve teklif ve talepler, kar ve zararlar a\u00e7\u0131s\u0131ndan T\u00fcrkiye ve global piyasalardaki geli\u015fmeleri s\u00fcrekli olarak takip etmektedir.<\/p>\n<p style=\"text-align: left;\">Alio\u011fullar\u0131 Grup, T\u00fcrkiye Ticaret Bakanl\u0131\u011f\u0131 lisansl\u0131 bir \u015firkettir. Merkezi, d\u00fcnyan\u0131n en b\u00fcy\u00fck ekonomik ba\u015fkentlerinden biri olan ve her mevsim devam eden ticaretin kalbi \u0130stanbul\u2019dad\u0131r.<\/p>\n<p style=\"text-align: left;\">Alio\u011fullar\u0131 Grup, T\u00fcrkiye ile d\u00fcnyan\u0131n di\u011fer \u00fclkeleri aras\u0131ndaki \u201ckazan-kazan\u201d kural\u0131na g\u00f6re ticaret m\u00fcbadelesi \u00e7er\u00e7evesinde mallar\u0131n\u0131n d\u00fcnyan\u0131n herhangi bir noktas\u0131na ula\u015fmas\u0131n\u0131 isteyen her yat\u0131r\u0131mc\u0131ya kap\u0131lar\u0131n\u0131 a\u00e7maktad\u0131r ve ayn\u0131 zamanda \u00e7e\u015fitli lisansl\u0131 ticari mallar\u0131 T\u00fcrkiye\u2019ye getirmenin garantili ve g\u00fcvenilir yollar\u0131n\u0131 arayanlara da yard\u0131m eli uzatmaktad\u0131r.<\/p>\n<p style=\"text-align: left;\"><strong>Ekibimiz\u00a0<\/strong><\/p>\n<p style=\"text-align: left;\">Alio\u011fullar\u0131 Grubu, ithalat ve ihracat pazar\u0131 ve uluslararas\u0131 ticaret alanlar\u0131nda uzman bir kadroya sahiptir.<\/p>\n<p style=\"text-align: left;\">Ekibimiz, herhangi bir gecikme ve sorun olmaks\u0131z\u0131n t\u00fcm ithalat ve ihracat g\u00f6nderilerinin, belirlenen s\u00fcre i\u00e7erisinde ula\u015fmas\u0131n\u0131 sa\u011flama konusunda uzun deneyime ve \u00fcst d\u00fczey yeterlili\u011fe sahiptir.<\/p>\n<p style=\"text-align: left;\">Alio\u011fullar\u0131 Grubu Ekibi akademik niteliklere sahip, uygulama ve ba\u015far\u0131 konusunda tecr\u00fcbeli ve yetenekli y\u00f6neticiler, uzmanlar, ticari ekipler ve \u00e7al\u0131\u015fanlardan olu\u015fmaktad\u0131r.<\/p>\n<p style=\"text-align: left;\">Alio\u011fullar\u0131 Grubu Ekibi h\u0131z, ciddiyet ve g\u00fcvenli\u011fin yan\u0131 s\u0131ra ithalat ve ihracat s\u00fcrecinde m\u00fc\u015fterinin t\u00fcm ihtiya\u00e7lar\u0131n\u0131 kar\u015f\u0131lamaya ve ticaret i\u015flemleri boyunca t\u00fcm taraflar\u0131n ortak \u00e7\u0131karlar\u0131n\u0131 garanti etmeye istekli ve gayretlidir.<\/p>\n<p style=\"text-align: left;\"><strong>Hizmetlerimiz<\/strong><\/p>\n<p style=\"text-align: left;\">Uzmanlar\u0131m\u0131z, m\u00fc\u015fterilerimize en iyi \u015fekilde hizmet vermek ve isteklerini kar\u015f\u0131lamak amac\u0131yla a\u015fa\u011f\u0131daki alanlarda \u00e7al\u0131\u015fmaktad\u0131r:<\/p>\n<p style=\"text-align: left;\">\u0130thalat \/ \u0130hracat \/ Arac\u0131l\u0131k<\/p>\n<p style=\"text-align: left;\">B\u00fct\u00fcn hizmetlerimiz ayn\u0131 i\u015f ilkelerine dayanmaktad\u0131r:<\/p>\n<ul style=\"text-align: left;\">\n<li>\u0130hracat veya ithalat prosed\u00fcrlerine ba\u015flamadan \u00f6nce mallar hakk\u0131nda kapsaml\u0131 ara\u015ft\u0131rma ve inceleme yapmak.<\/li>\n<li>M\u00fc\u015fterilerimiz i\u00e7in piyasadaki en iyi ve en kaliteli \u00fcr\u00fcnleri se\u00e7mek.<\/li>\n<li>\u00dcr\u00fcnlerle ilgili t\u00fcm bilgileri, ihra\u00e7 veya ithal etmeden \u00f6nce incelemeleri i\u00e7in m\u00fc\u015fterilere g\u00f6ndermek.<\/li>\n<li>\u00dcr\u00fcnlerin konteynerlerde ta\u015f\u0131nmas\u0131 ve sevk edilmesi s\u00fcrecinde herhangi bir zarara u\u011framamas\u0131 i\u00e7in kontrol edilmesini sa\u011flamak.<\/li>\n<li>\u00dcr\u00fcnlerin, T\u00fcrkiye\u2019deki veya men\u015fe \u00fclkedeki m\u00fc\u015fteri adresine teslim edildi\u011finden emin olmak.<\/li>\n<li>\u201c\u0130thalat veya ihracat\u201d i\u015flemlerini, s\u00fcre\u00e7 ba\u015f\u0131ndan sonuna kadar takip etmek.<\/li>\n<li>Kara, deniz ve hava yoluyla her t\u00fcrl\u00fc uluslararas\u0131 nakliye i\u015flemi ger\u00e7ekle\u015ftirmek.<\/li>\n<li>Ticaret, ithalat ve ihracat alan\u0131nda hukuki dan\u0131\u015fmanl\u0131k sa\u011flamak.<\/li>\n<li>\u0130thalat ve ihracat s\u00fcrecinde lojistik hizmetleri sunmak.<\/li>\n<li>Ticari i\u015flemlerin tam ve do\u011fru y\u00f6netimi.<\/li>\n<li>Ticari arac\u0131l\u0131k ve iyi fiyat teklifleri sunmak.<\/li>\n<li>Ticarette g\u00fcvenilirlik ve ciddiyet arayan m\u00fc\u015fteriler i\u00e7in her zaman \u00f6zel teklifler sunmak.<\/li>\n<li>Uygun pazarlama \u00e7\u00f6z\u00fcmleri sunmak ve gerekli hedeflere ula\u015fmak i\u00e7in \u00e7ok say\u0131da m\u00fc\u015fteriyle ileti\u015fim kurmak i\u00e7in gayret g\u00f6stermek.<\/li>\n<li>\u0130thalat veya ihracata ba\u011fl\u0131 her bir ticari proje i\u00e7in beklenen kar ve zararlar\u0131n ayr\u0131nt\u0131l\u0131 bir fizibilite \u00e7al\u0131\u015fmas\u0131 ger\u00e7ekle\u015ftirmek.<\/li>\n<li>Uluslararas\u0131 ticaret anla\u015fmalar\u0131, yararl\u0131 ve ba\u015far\u0131l\u0131 i\u015f birlikleri i\u00e7in arac\u0131l\u0131k yapmak.<\/li>\n<li>Piyasay\u0131 ve arz-talep hareketini devaml\u0131 incelemek ve m\u00fc\u015fterileri bu konuda bilgilendirmek.<\/li>\n<\/ul>\n<p style=\"text-align: left;\"><strong>Vizyonumuz\u00a0<\/strong><\/p>\n<p style=\"text-align: left;\">Alio\u011fullar\u0131 Grubu olarak a\u015fa\u011f\u0131daki ilkelere dayal\u0131 bir vizyon benimsemekteyiz:<\/p>\n<ul style=\"text-align: left;\">\n<li>Ticari i\u015flemler s\u00fcrecinde taraflar aras\u0131nda kar\u015f\u0131l\u0131kl\u0131 g\u00fcven.<\/li>\n<li>M\u00fc\u015fterilere verilen tavsiyelerde do\u011fruluk.<\/li>\n<li>M\u00fc\u015fteri ili\u015fkilerinde ciddiyet ve \u015feffafl\u0131k.<\/li>\n<li>Ticari i\u015flemler s\u00fcrecinde taraflar\u0131n ortak menfaatinin g\u00f6zetilmesi.<\/li>\n<li>M\u00fc\u015fterilerimizin t\u00fcm hedeflerine ula\u015fmadaa s\u00fcreklilik.<\/li>\n<\/ul>\n<p style=\"text-align: left;\"><strong>Hedeflerimiz\u00a0<\/strong><\/p>\n<p style=\"text-align: left;\">Alio\u011fullar\u0131 Grubu olarak hedeflerimiz:<\/p>\n<ul style=\"text-align: left;\">\n<li>Yat\u0131r\u0131m ba\u015far\u0131lar\u0131n\u0131 katlamak isteyen tacir ve i\u015f insanlar\u0131n\u0131n ilk ve en iyi adresi olmak.<\/li>\n<li>\u0130thalat ve ihracat operasyonlar\u0131 ve ticari arac\u0131l\u0131k hizmetlerimizle m\u00fc\u015fteri memnuniyetini sa\u011flamak.<\/li>\n<li>M\u00fc\u015fteriler i\u00e7in en kaliteli \u00fcr\u00fcnleri sa\u011flamada liderli\u011fe ula\u015fmak.<\/li>\n<li>Uzun vadeli ticari trampa ve ortakl\u0131k anla\u015fmalar\u0131 imzalamak.<\/li>\n<li>K\u00e2r elde etmek ve m\u00fc\u015fteriyi her t\u00fcrl\u00fc zarardan korumak.<\/li>\n<li>T\u00fcm tehlikelerden uzak bir \u015fekilde g\u00fcvenli uluslararas\u0131 ticaret sa\u011flamak.<\/li>\n<\/ul>\n<p style=\"text-align: left;\"><strong>Neden Alio\u011fullar\u0131?<\/strong><\/p>\n<p style=\"text-align: left;\">Alio\u011fullar\u0131 Grubu ithalat ve ihracat, nakliye ve g\u00fcmr\u00fckleme hizmetleri alan\u0131nda \u00f6zenle ve profesyonelce \u00e7al\u0131\u015fmaktad\u0131r. Bu hizmetlerinin yan\u0131 s\u0131ra, g\u00fcvenli uluslararas\u0131 ticaret konusunda uzmanla\u015fm\u0131\u015ft\u0131r. Ayr\u0131ca m\u00fc\u015fterilerin ihtiya\u00e7lar\u0131na en uygun olan\u0131 se\u00e7ebildi\u011fi kaliteli ve \u00fcst\u00fcn hizmetler sunmaktad\u0131r.<\/p>\n<p style=\"text-align: left;\">Grubumuz arac\u0131l\u0131\u011f\u0131yla ithalat ve ihracat yapmaya karar verdi\u011finizde sahip olacaklar\u0131n\u0131z:<\/p>\n<ul style=\"text-align: left;\">\n<li>\u0130thalat ve ihracat alan\u0131nda kaliteli hizmet,<\/li>\n<li>Uzun vadeli ili\u015fkilerde do\u011fru takip ve \u00f6zen,<\/li>\n<li>\u0130\u015fte g\u00fcven, g\u00fcvenilirlik ve \u015feffafl\u0131k,<\/li>\n<li>\u0130thalat ve ihracat alan\u0131nda uzman ve profesyonel bir ekip,<\/li>\n<li>\u0130thalat, ihracat, navlun i\u015flemleri ve ticaret borsas\u0131nda uzmanla\u015fm\u0131\u015f en iyi \u015firket olarak pazarda iyi bir itibar,<\/li>\n<li>Se\u00e7ti\u011finiz herhangi bir i\u015fte garantili k\u00e2r.<\/li>\n<\/ul>\n<p style=\"text-align: center;\"><strong>Bize \u00fccretsiz dan\u0131\u015farak k\u00e2rl\u0131 ticaret ad\u0131m\u0131na ba\u015flay\u0131n<\/strong><\/p>\n<p>[\/vc_column_text][\/vc_column][\/vc_row]<\/p>\n<\/div>","protected":false},"excerpt":{"rendered":"<p>[vc_row gap=\u201d35\u2033 equal_height=\u201dyes\u201d content_placement=\u201dmiddle\u201d][vc_column el_align=\u201dright\u201d width=\u201d1\/2\u2033 el_class=\u201drs_col-sm-12\u2033][vc_column_text] Alio\u011fullar\u0131 Grup, T\u00fcrkiye ile d\u00fcnya \u00fclkeleri aras\u0131ndaki ticaret al\u0131\u015fveri\u015fi alan\u0131nda dan\u0131\u015fmanl\u0131k sa\u011flaman\u0131n yan\u0131 s\u0131ra, T\u00fcrkiye\u2019ye ve T\u00fcrkiye\u2019den \u00e7e\u015fitli malzeme ve mal ithalat ve ihracat hizmetlerinde uzun y\u0131llara dayanan deneyime sahip b\u00fcy\u00fck \u00f6l\u00e7ekli bir \u015firkettir. Alio\u011fullar\u0131 Grup, uluslararas\u0131 ticaret alan\u0131nda ba\u015far\u0131n\u0131n s\u0131n\u0131r\u0131 olmad\u0131\u011f\u0131na inanan, ithalat ve ihracat sekt\u00f6rlerinde T\u00fcrk [&hellip;]<\/p>\n","protected":false},"author":1,"featured_media":0,"parent":0,"menu_order":0,"comment_status":"closed","ping_status":"closed","template":"","meta":{"_acf_changed":false,"nf_dc_page":"","footnotes":""},"class_list":["post-22702","page","type-page","status-publish","hentry"],"acf":[],"yoast_head":"<!-- This site is optimized with the Yoast SEO plugin v25.6 - https:\/\/yoast.com\/wordpress\/plugins\/seo\/ -->\n<title>Hakk\u0131m\u0131zda - Alisons Group<\/title>\n<meta name=\"robots\" content=\"index, follow, max-snippet:-1, max-image-preview:large, max-video-preview:-1\" \/>\n<link rel=\"canonical\" href=\"https:\/\/alisons-group.com\/tr\/about-us\/\" \/>\n<meta property=\"og:locale\" content=\"tr_TR\" \/>\n<meta property=\"og:type\" content=\"article\" \/>\n<meta property=\"og:title\" content=\"Hakk\u0131m\u0131zda - Alisons Group\" \/>\n<meta property=\"og:description\" content=\"[vc_row gap=\u201d35\u2033 equal_height=\u201dyes\u201d content_placement=\u201dmiddle\u201d][vc_column el_align=\u201dright\u201d width=\u201d1\/2\u2033 el_class=\u201drs_col-sm-12\u2033][vc_column_text] Alio\u011fullar\u0131 Grup, T\u00fcrkiye ile d\u00fcnya \u00fclkeleri aras\u0131ndaki ticaret al\u0131\u015fveri\u015fi alan\u0131nda dan\u0131\u015fmanl\u0131k sa\u011flaman\u0131n yan\u0131 s\u0131ra, T\u00fcrkiye\u2019ye ve T\u00fcrkiye\u2019den \u00e7e\u015fitli malzeme ve mal ithalat ve ihracat hizmetlerinde uzun y\u0131llara dayanan deneyime sahip b\u00fcy\u00fck \u00f6l\u00e7ekli bir \u015firkettir. Alio\u011fullar\u0131 Grup, uluslararas\u0131 ticaret alan\u0131nda ba\u015far\u0131n\u0131n s\u0131n\u0131r\u0131 olmad\u0131\u011f\u0131na inanan, ithalat ve ihracat sekt\u00f6rlerinde T\u00fcrk [&hellip;]\" \/>\n<meta property=\"og:url\" content=\"https:\/\/alisons-group.com\/tr\/about-us\/\" \/>\n<meta property=\"og:site_name\" content=\"Alisons Group\" \/>\n<meta property=\"article:modified_time\" content=\"2023-01-31T21:55:22+00:00\" \/>\n<meta name=\"twitter:card\" content=\"summary_large_image\" \/>\n<meta name=\"twitter:label1\" content=\"Tahmini okuma s\u00fcresi\" \/>\n\t<meta name=\"twitter:data1\" content=\"4 dakika\" \/>\n<script type=\"application\/ld+json\" class=\"yoast-schema-graph\">{\"@context\":\"https:\/\/schema.org\",\"@graph\":[{\"@type\":\"WebPage\",\"@id\":\"https:\/\/alisons-group.com\/tr\/about-us\/\",\"url\":\"https:\/\/alisons-group.com\/tr\/about-us\/\",\"name\":\"Hakk\u0131m\u0131zda - Alisons Group\",\"isPartOf\":{\"@id\":\"https:\/\/alisons-group.com\/tr\/#website\"},\"datePublished\":\"2019-07-04T08:19:31+00:00\",\"dateModified\":\"2023-01-31T21:55:22+00:00\",\"breadcrumb\":{\"@id\":\"https:\/\/alisons-group.com\/tr\/about-us\/#breadcrumb\"},\"inLanguage\":\"tr\",\"potentialAction\":[{\"@type\":\"ReadAction\",\"target\":[\"https:\/\/alisons-group.com\/tr\/about-us\/\"]}]},{\"@type\":\"BreadcrumbList\",\"@id\":\"https:\/\/alisons-group.com\/tr\/about-us\/#breadcrumb\",\"itemListElement\":[{\"@type\":\"ListItem\",\"position\":1,\"name\":\"Ana Sayfa\",\"item\":\"https:\/\/alisons-group.com\/tr\/\"},{\"@type\":\"ListItem\",\"position\":2,\"name\":\"Hakk\u0131m\u0131zda\"}]},{\"@type\":\"WebSite\",\"@id\":\"https:\/\/alisons-group.com\/tr\/#website\",\"url\":\"https:\/\/alisons-group.com\/tr\/\",\"name\":\"Alisons Group\",\"description\":\"\",\"potentialAction\":[{\"@type\":\"SearchAction\",\"target\":{\"@type\":\"EntryPoint\",\"urlTemplate\":\"https:\/\/alisons-group.com\/tr\/?s={search_term_string}\"},\"query-input\":{\"@type\":\"PropertyValueSpecification\",\"valueRequired\":true,\"valueName\":\"search_term_string\"}}],\"inLanguage\":\"tr\"}]}<\/script>\n<!-- \/ Yoast SEO plugin. -->","yoast_head_json":{"title":"Hakk\u0131m\u0131zda - Alisons Group","robots":{"index":"index","follow":"follow","max-snippet":"max-snippet:-1","max-image-preview":"max-image-preview:large","max-video-preview":"max-video-preview:-1"},"canonical":"https:\/\/alisons-group.com\/tr\/about-us\/","og_locale":"tr_TR","og_type":"article","og_title":"Hakk\u0131m\u0131zda - Alisons Group","og_description":"[vc_row gap=\u201d35\u2033 equal_height=\u201dyes\u201d content_placement=\u201dmiddle\u201d][vc_column el_align=\u201dright\u201d width=\u201d1\/2\u2033 el_class=\u201drs_col-sm-12\u2033][vc_column_text] Alio\u011fullar\u0131 Grup, T\u00fcrkiye ile d\u00fcnya \u00fclkeleri aras\u0131ndaki ticaret al\u0131\u015fveri\u015fi alan\u0131nda dan\u0131\u015fmanl\u0131k sa\u011flaman\u0131n yan\u0131 s\u0131ra, T\u00fcrkiye\u2019ye ve T\u00fcrkiye\u2019den \u00e7e\u015fitli malzeme ve mal ithalat ve ihracat hizmetlerinde uzun y\u0131llara dayanan deneyime sahip b\u00fcy\u00fck \u00f6l\u00e7ekli bir \u015firkettir. Alio\u011fullar\u0131 Grup, uluslararas\u0131 ticaret alan\u0131nda ba\u015far\u0131n\u0131n s\u0131n\u0131r\u0131 olmad\u0131\u011f\u0131na inanan, ithalat ve ihracat sekt\u00f6rlerinde T\u00fcrk [&hellip;]","og_url":"https:\/\/alisons-group.com\/tr\/about-us\/","og_site_name":"Alisons Group","article_modified_time":"2023-01-31T21:55:22+00:00","twitter_card":"summary_large_image","twitter_misc":{"Tahmini okuma s\u00fcresi":"4 dakika"},"schema":{"@context":"https:\/\/schema.org","@graph":[{"@type":"WebPage","@id":"https:\/\/alisons-group.com\/tr\/about-us\/","url":"https:\/\/alisons-group.com\/tr\/about-us\/","name":"Hakk\u0131m\u0131zda - Alisons Group","isPartOf":{"@id":"https:\/\/alisons-group.com\/tr\/#website"},"datePublished":"2019-07-04T08:19:31+00:00","dateModified":"2023-01-31T21:55:22+00:00","breadcrumb":{"@id":"https:\/\/alisons-group.com\/tr\/about-us\/#breadcrumb"},"inLanguage":"tr","potentialAction":[{"@type":"ReadAction","target":["https:\/\/alisons-group.com\/tr\/about-us\/"]}]},{"@type":"BreadcrumbList","@id":"https:\/\/alisons-group.com\/tr\/about-us\/#breadcrumb","itemListElement":[{"@type":"ListItem","position":1,"name":"Ana Sayfa","item":"https:\/\/alisons-group.com\/tr\/"},{"@type":"ListItem","position":2,"name":"Hakk\u0131m\u0131zda"}]},{"@type":"WebSite","@id":"https:\/\/alisons-group.com\/tr\/#website","url":"https:\/\/alisons-group.com\/tr\/","name":"Alisons Group","description":"","potentialAction":[{"@type":"SearchAction","target":{"@type":"EntryPoint","urlTemplate":"https:\/\/alisons-group.com\/tr\/?s={search_term_string}"},"query-input":{"@type":"PropertyValueSpecification","valueRequired":true,"valueName":"search_term_string"}}],"inLanguage":"tr"}]}},"jetpack_sharing_enabled":true,"_links":{"self":[{"href":"https:\/\/alisons-group.com\/tr\/wp-json\/wp\/v2\/pages\/22702"}],"collection":[{"href":"https:\/\/alisons-group.com\/tr\/wp-json\/wp\/v2\/pages"}],"about":[{"href":"https:\/\/alisons-group.com\/tr\/wp-json\/wp\/v2\/types\/page"}],"author":[{"embeddable":true,"href":"https:\/\/alisons-group.com\/tr\/wp-json\/wp\/v2\/users\/1"}],"replies":[{"embeddable":true,"href":"https:\/\/alisons-group.com\/tr\/wp-json\/wp\/v2\/comments?post=22702"}],"version-history":[{"count":5,"href":"https:\/\/alisons-group.com\/tr\/wp-json\/wp\/v2\/pages\/22702\/revisions"}],"predecessor-version":[{"id":22720,"href":"https:\/\/alisons-group.com\/tr\/wp-json\/wp\/v2\/pages\/22702\/revisions\/22720"}],"wp:attachment":[{"href":"https:\/\/alisons-group.com\/tr\/wp-json\/wp\/v2\/media?parent=22702"}],"curies":[{"name":"wp","href":"https:\/\/api.w.org\/{rel}","templated":true}]}}